{"id":31,"date":"2013-02-18T10:05:39","date_gmt":"2013-02-18T08:05:39","guid":{"rendered":"https:\/\/www.ra-kirsch.de\/?page_id=31"},"modified":"2022-07-12T17:01:03","modified_gmt":"2022-07-12T15:01:03","slug":"impressum","status":"publish","type":"page","link":"https:\/\/www.ra-kirsch.de\/en\/contact\/legal-notice\/","title":{"rendered":"Legal Notice"},"content":{"rendered":"<p>Die Website ist unter gesetzlich erlaubtem Ausschluss der Gew\u00e4hrleistung zu nutzen, d.h es wird in diesem Sinne keine Haftung oder Gew\u00e4hr f\u00fcr Richtigkeit und Vollst\u00e4ndigkeit von Angaben \u00fcbernommen, die nicht in Einzelgespr\u00e4chen nach Auftrags- und Mandats\u00fcbernahme best\u00e4tigt wurden.<\/p>\n<p>F\u00fcr Inhalte, die sich aus verlinkten websites ergeben, haften wir nicht, Linkverweisungen erfolgen unter Ausschluss jeglicher Gew\u00e4hrleistung oder Haftung. Die Unterhalter dieser Seite haben keinerlei Einfluss auf die Inhalte der verlinkten Seiten. Dieser Ausschluss gilt ausdr\u00fccklich f\u00fcr alle auf dieser Homepage befindlichen Links.<\/p>\n<h1>Gesamtverantwortlicher Herausgeber:<\/h1>\n<p>Norbert W. Kirsch<br \/>\nRechtsanwalt, Fachanw\u00e4lte*, Notar<br \/>\nAuguste-Viktoria-Allee 4<br \/>\n13403 Berlin<\/p>\n<p>Fon: <a class=\"tel\" href=\"tel:+49304139609\">0 30 \/ 4 13 96 09<\/a><br \/>\nFax: 0 30 \/ 4 13 96 10<\/p>\n<p>E-Mail: <a href=\"mailto:norbert.kirsch@ra-kirsch.de\">norbert.kirsch@ra-kirsch.de<\/a><\/p>\n<p>\u00a9 Copyright Norbert W. Kirsch<\/p>\n<p><strong>Digital Development:<\/strong><br \/>\n<a href=\"https:\/\/www.huishu-agentur.de\" rel=\"noopener noreferrer\" target=\"_blank\">HUisHU. Digitale Kreativagentur in Hamburg &#038; Hannover<\/a><br \/>\n<a href=\"https:\/\/www.huishu-agentur.de\" target=\"_blank\" rel=\"noopener noreferrer\">www.huishu-agentur.de<\/a><\/p>\n","protected":false},"excerpt":{"rendered":"<p>Die Website ist unter gesetzlich erlaubtem Ausschluss der Gew\u00e4hrleistung zu nutzen, d.h es wird in diesem Sinne keine Haftung oder&#8230;<\/p>\n","protected":false},"author":1,"featured_media":2022,"parent":10,"menu_order":0,"comment_status":"closed","ping_status":"open","template":"","meta":{"footnotes":""},"class_list":["post-31","page","type-page","status-publish","has-post-thumbnail","hentry"],"_links":{"self":[{"href":"https:\/\/www.ra-kirsch.de\/en\/wp-json\/wp\/v2\/pages\/31","targetHints":{"allow":["GET"]}}],"collection":[{"href":"https:\/\/www.ra-kirsch.de\/en\/wp-json\/wp\/v2\/pages"}],"about":[{"href":"https:\/\/www.ra-kirsch.de\/en\/wp-json\/wp\/v2\/types\/page"}],"author":[{"embeddable":true,"href":"https:\/\/www.ra-kirsch.de\/en\/wp-json\/wp\/v2\/users\/1"}],"replies":[{"embeddable":true,"href":"https:\/\/www.ra-kirsch.de\/en\/wp-json\/wp\/v2\/comments?post=31"}],"version-history":[{"count":24,"href":"https:\/\/www.ra-kirsch.de\/en\/wp-json\/wp\/v2\/pages\/31\/revisions"}],"predecessor-version":[{"id":2957,"href":"https:\/\/www.ra-kirsch.de\/en\/wp-json\/wp\/v2\/pages\/31\/revisions\/2957"}],"up":[{"embeddable":true,"href":"https:\/\/www.ra-kirsch.de\/en\/wp-json\/wp\/v2\/pages\/10"}],"wp:featuredmedia":[{"embeddable":true,"href":"https:\/\/www.ra-kirsch.de\/en\/wp-json\/wp\/v2\/media\/2022"}],"wp:attachment":[{"href":"https:\/\/www.ra-kirsch.de\/en\/wp-json\/wp\/v2\/media?parent=31"}],"curies":[{"name":"wp","href":"https:\/\/api.w.org\/{rel}","templated":true}]}}